{"id":1627,"date":"2017-07-04T15:33:38","date_gmt":"2017-07-04T13:33:38","guid":{"rendered":"http:\/\/antike-rahmen.de\/?page_id=1627"},"modified":"2020-05-25T22:30:55","modified_gmt":"2020-05-25T20:30:55","slug":"imprint","status":"publish","type":"page","link":"https:\/\/antike-rahmen.de\/en\/imprint\/","title":{"rendered":"Imprint"},"content":{"rendered":"<p>&nbsp;<\/p>\n<hr \/>\n<h1 style=\"text-align: center;\">Imprint<\/h1>\n<p style=\"text-align: center;\"><strong>Responsable<\/strong><br \/>\nOlaf Lemke, Managing Director<br \/>\nEisenacher Stra\u00dfe 7<br \/>\n10777 Berlin<\/p>\n<p style=\"text-align: center;\">Telefone: +49 (0)30 211 20 87<br \/>\n<a href=\"mailto:rahmen@antike-rahmen.de\">rahmen@antike-rahmen.de<\/a><\/p>\n<p style=\"text-align: center;\">Vat-ID: DE 135997094<\/p>\n<hr \/>\n<p style=\"text-align: center;\"><strong>Concept \/ Design \/ Editorial<\/strong><br \/>\nLemke-Mahdavi Kommunikationsdesign<br \/>\nMotzstra\u00dfe 63<br \/>\n10777 Berlin<\/p>\n<p style=\"text-align: center;\">Telefone: +49 (0)30 236 21 934<br \/>\n<a href=\"mailto:zentrale@tlgg.de\">info@lm-kommunikation.de<\/a><br \/>\n<a href=\"http:\/\/www.lm-kommunikation.de\">lm-kommunikation.de<\/a><\/p>\n<p style=\"text-align: center;\"><strong>Programming<\/strong><br \/>\nNetfrei Webdesign<br \/>\n<a href=\"http:\/\/www.netfrei.de\">netfrei.de<\/a><\/p>\n<p style=\"text-align: center;\"><strong>Lektorat<\/strong><br \/>\nIrina Popescu-Zeletin und Carolin F\u00f6rster<\/p>\n<p style=\"text-align: center;\"><strong>Source disclosure for used images<\/strong><em><br \/>\n<\/em>In the slider on the starting page:<br \/>\n\u00a9 Alexander von Reiswitz (Olaf Lemke), \u00a9 Gunter Lepkowski (Rahmen), \u00a9 Tanja Lemke-Mahdavi (Rahmen und Galerie)<br \/>\nClient portaits:<br \/>\n\u00a9 James Merrell (Timothy Plaut), \u00a9 Achim Kleuker (Ulla und Heiner Pietzsch), \u00a9 AFP (Heinz Berggruen)<\/p>\n<p style=\"text-align: center;\"><strong>Thanks to<\/strong><br \/>\nJo. van Norden f\u00fcr die Leihgabe der St\u00fchle f\u00fcr die Fotoserie<\/p>\n<hr \/>\n<p style=\"text-align: center;\"><span style=\"font-size: 14px;\"><strong>Disclaimer<\/strong><\/span><\/p>\n<p style=\"text-align: center;\"><span style=\"font-size: 14px;\">Haftung f\u00fcr Inhalte<\/span><br \/>\n<span style=\"font-size: 14px;\"> Als Diensteanbieter sind wir gem\u00e4\u00df \u00a7 7 Abs.1 TMG f\u00fcr eigene Inhalte auf diesen Seiten nach den allgemeinen Gesetzen verantwortlich. Nach \u00a7\u00a7 8 bis 10 TMG sind wir als Diensteanbieter jedoch nicht verpflichtet, \u00fcbermittelte oder gespeicherte fremde Informationen zu \u00fcberwachen oder nach Umst\u00e4nden zu forschen, die auf eine rechtswidrige T\u00e4tigkeit hinweisen. Verpflichtungen zur Entfernung oder Sperrung der Nutzung von Informationen nach den allgemeinen Gesetzen bleiben hiervon unber\u00fchrt. Eine diesbez\u00fcgliche Haftung ist jedoch erst ab dem Zeitpunkt der Kenntnis einer konkreten Rechtsverletzung m\u00f6glich. Bei Bekanntwerden von entsprechenden Rechtsverletzungen werden wir diese Inhalte umgehend entfernen.<\/span><\/p>\n<p style=\"text-align: center;\"><span style=\"font-size: 14px;\">Haftung f\u00fcr Links<\/span><br \/>\n<span style=\"font-size: 14px;\"> Unser Angebot enth\u00e4lt Links zu externen Webseiten Dritter, auf deren Inhalte wir keinen Einfluss haben. Deshalb k\u00f6nnen wir f\u00fcr diese fremden Inhalte auch keine Gew\u00e4hr \u00fcbernehmen. F\u00fcr die Inhalte der verlinkten Seiten ist stets der jeweilige Anbieter oder Betreiber der Seiten verantwortlich. Die verlinkten Seiten wurden zum Zeitpunkt der Verlinkung auf m\u00f6gliche Rechtsverst\u00f6\u00dfe \u00fcberpr\u00fcft. Rechtswidrige Inhalte waren zum Zeitpunkt der Verlinkung nicht erkennbar. Eine permanente inhaltliche Kontrolle der verlinkten Seiten ist jedoch ohne konkrete Anhaltspunkte einer Rechtsverletzung nicht zumutbar. Bei Bekanntwerden von Rechtsverletzungen werden wir derartige Links umgehend entfernen.<\/span><\/p>\n<p style=\"text-align: center;\"><span style=\"font-size: 14px;\">Urheberrecht<\/span><br \/>\n<span style=\"font-size: 14px;\"> Die durch die Seitenbetreiber erstellten Inhalte und Werke auf diesen Seiten unterliegen dem deutschen Urheberrecht. Die Vervielf\u00e4ltigung, Bearbeitung, Verbreitung und jede Art der Verwertung au\u00dferhalb der Grenzen des Urheberrechtes bed\u00fcrfen der schriftlichen Zustimmung des jeweiligen Autors bzw. Erstellers. Downloads und Kopien dieser Seite sind nur f\u00fcr den privaten, nicht kommerziellen Gebrauch gestattet. Soweit die Inhalte auf dieser Seite nicht vom Betreiber erstellt wurden, werden die Urheberrechte Dritter beachtet. Insbesondere werden Inhalte Dritter als solche gekennzeichnet. Sollten Sie trotzdem auf eine Urheberrechtsverletzung aufmerksam werden, bitten wir um einen entsprechenden Hinweis. Bei Bekanntwerden von Rechtsverletzungen werden wir derartige Inhalte umgehend entfernen.<\/span><\/p>\n<hr \/>\n<p style=\"text-align: center;\"><span style=\"font-size: 14px;\"><b>Hinweis<\/b><\/span><br \/>\n<span style=\"font-size: 14px;\">Die EU-Kommission bietet die M\u00f6glichkeit zur Online-Streitbeilegung auf einer von ihr betriebenen Online-Plattform. Diese Plattform ist \u00fcber den externen Link <a class=\"p_link--1st\" href=\"http:\/\/ec.europa.eu\/consumers\/odr\/\" target=\"_blank\" rel=\"noopener noreferrer\">https:\/\/ec.europa.eu\/consumers\/odr <\/a>\u00a0zu erreichen.<\/span><\/p>\n","protected":false},"excerpt":{"rendered":"<p>&nbsp; Imprint Responsable Olaf Lemke, Managing Director Eisenacher Stra\u00dfe 7 10777 Berlin Telefone: +49 (0)30 211 20 87 rahmen@antike-rahmen.de Vat-ID: DE 135997094 Concept \/ Design \/ Editorial Lemke-Mahdavi Kommunikationsdesign Motzstra\u00dfe 63 10777 Berlin Telefone: +49 (0)30 236 21 934 info@lm-kommunikation.de lm-kommunikation.de Programming Netfrei Webdesign netfrei.de Lektorat Irina Popescu-Zeletin und Carolin F\u00f6rster Source disclosure for used &hellip; <\/p>\n<p class=\"link-more\"><a href=\"https:\/\/antike-rahmen.de\/en\/imprint\/\" class=\"more-link\">Continue reading<span class=\"screen-reader-text\"> &#8220;Imprint&#8221;<\/span><\/a><\/p>\n","protected":false},"author":1,"featured_media":0,"parent":0,"menu_order":0,"comment_status":"closed","ping_status":"closed","template":"","meta":{"_acf_changed":false,"footnotes":""},"class_list":["post-1627","page","type-page","status-publish","hentry"],"acf":[],"yoast_head":"<!-- This site is optimized with the Yoast SEO plugin v23.4 - https:\/\/yoast.com\/wordpress\/plugins\/seo\/ -->\n<title>Imprint - Antike Rahmen<\/title>\n<meta name=\"robots\" content=\"index, follow, max-snippet:-1, max-image-preview:large, max-video-preview:-1\" \/>\n<link rel=\"canonical\" href=\"https:\/\/antike-rahmen.de\/en\/imprint\/\" \/>\n<meta property=\"og:locale\" content=\"en_US\" \/>\n<meta property=\"og:type\" content=\"article\" \/>\n<meta property=\"og:title\" content=\"Imprint - Antike Rahmen\" \/>\n<meta property=\"og:description\" content=\"&nbsp; Imprint Responsable Olaf Lemke, Managing Director Eisenacher Stra\u00dfe 7 10777 Berlin Telefone: +49 (0)30 211 20 87 rahmen@antike-rahmen.de Vat-ID: DE 135997094 Concept \/ Design \/ Editorial Lemke-Mahdavi Kommunikationsdesign Motzstra\u00dfe 63 10777 Berlin Telefone: +49 (0)30 236 21 934 info@lm-kommunikation.de lm-kommunikation.de Programming Netfrei Webdesign netfrei.de Lektorat Irina Popescu-Zeletin und Carolin F\u00f6rster Source disclosure for used &hellip; Continue reading &quot;Imprint&quot;\" \/>\n<meta property=\"og:url\" content=\"https:\/\/antike-rahmen.de\/en\/imprint\/\" \/>\n<meta property=\"og:site_name\" content=\"Antike Rahmen\" \/>\n<meta property=\"article:modified_time\" content=\"2020-05-25T20:30:55+00:00\" \/>\n<meta name=\"twitter:card\" content=\"summary_large_image\" \/>\n<meta name=\"twitter:label1\" content=\"Est. reading time\" \/>\n\t<meta name=\"twitter:data1\" content=\"2 minutes\" \/>\n<script type=\"application\/ld+json\" class=\"yoast-schema-graph\">{\"@context\":\"https:\/\/schema.org\",\"@graph\":[{\"@type\":\"WebPage\",\"@id\":\"https:\/\/antike-rahmen.de\/en\/imprint\/\",\"url\":\"https:\/\/antike-rahmen.de\/en\/imprint\/\",\"name\":\"Imprint - Antike Rahmen\",\"isPartOf\":{\"@id\":\"https:\/\/antike-rahmen.de\/#website\"},\"datePublished\":\"2017-07-04T13:33:38+00:00\",\"dateModified\":\"2020-05-25T20:30:55+00:00\",\"breadcrumb\":{\"@id\":\"https:\/\/antike-rahmen.de\/en\/imprint\/#breadcrumb\"},\"inLanguage\":\"en-US\",\"potentialAction\":[{\"@type\":\"ReadAction\",\"target\":[\"https:\/\/antike-rahmen.de\/en\/imprint\/\"]}]},{\"@type\":\"BreadcrumbList\",\"@id\":\"https:\/\/antike-rahmen.de\/en\/imprint\/#breadcrumb\",\"itemListElement\":[{\"@type\":\"ListItem\",\"position\":1,\"name\":\"Startseite\",\"item\":\"https:\/\/antike-rahmen.de\/en\/\"},{\"@type\":\"ListItem\",\"position\":2,\"name\":\"Imprint\"}]},{\"@type\":\"WebSite\",\"@id\":\"https:\/\/antike-rahmen.de\/#website\",\"url\":\"https:\/\/antike-rahmen.de\/\",\"name\":\"Antike Rahmen\",\"description\":\"\",\"publisher\":{\"@id\":\"https:\/\/antike-rahmen.de\/#organization\"},\"potentialAction\":[{\"@type\":\"SearchAction\",\"target\":{\"@type\":\"EntryPoint\",\"urlTemplate\":\"https:\/\/antike-rahmen.de\/?s={search_term_string}\"},\"query-input\":{\"@type\":\"PropertyValueSpecification\",\"valueRequired\":true,\"valueName\":\"search_term_string\"}}],\"inLanguage\":\"en-US\"},{\"@type\":\"Organization\",\"@id\":\"https:\/\/antike-rahmen.de\/#organization\",\"name\":\"Antike Rahmen\",\"url\":\"https:\/\/antike-rahmen.de\/\",\"logo\":{\"@type\":\"ImageObject\",\"inLanguage\":\"en-US\",\"@id\":\"https:\/\/antike-rahmen.de\/#\/schema\/logo\/image\/\",\"url\":\"https:\/\/antike-rahmen.de\/wp-content\/uploads\/2017\/01\/cropped-antike_rahmen_logo2.png\",\"contentUrl\":\"https:\/\/antike-rahmen.de\/wp-content\/uploads\/2017\/01\/cropped-antike_rahmen_logo2.png\",\"width\":574,\"height\":250,\"caption\":\"Antike Rahmen\"},\"image\":{\"@id\":\"https:\/\/antike-rahmen.de\/#\/schema\/logo\/image\/\"}}]}<\/script>\n<!-- \/ Yoast SEO plugin. -->","yoast_head_json":{"title":"Imprint - Antike Rahmen","robots":{"index":"index","follow":"follow","max-snippet":"max-snippet:-1","max-image-preview":"max-image-preview:large","max-video-preview":"max-video-preview:-1"},"canonical":"https:\/\/antike-rahmen.de\/en\/imprint\/","og_locale":"en_US","og_type":"article","og_title":"Imprint - Antike Rahmen","og_description":"&nbsp; Imprint Responsable Olaf Lemke, Managing Director Eisenacher Stra\u00dfe 7 10777 Berlin Telefone: +49 (0)30 211 20 87 rahmen@antike-rahmen.de Vat-ID: DE 135997094 Concept \/ Design \/ Editorial Lemke-Mahdavi Kommunikationsdesign Motzstra\u00dfe 63 10777 Berlin Telefone: +49 (0)30 236 21 934 info@lm-kommunikation.de lm-kommunikation.de Programming Netfrei Webdesign netfrei.de Lektorat Irina Popescu-Zeletin und Carolin F\u00f6rster Source disclosure for used &hellip; Continue reading \"Imprint\"","og_url":"https:\/\/antike-rahmen.de\/en\/imprint\/","og_site_name":"Antike Rahmen","article_modified_time":"2020-05-25T20:30:55+00:00","twitter_card":"summary_large_image","twitter_misc":{"Est. reading time":"2 minutes"},"schema":{"@context":"https:\/\/schema.org","@graph":[{"@type":"WebPage","@id":"https:\/\/antike-rahmen.de\/en\/imprint\/","url":"https:\/\/antike-rahmen.de\/en\/imprint\/","name":"Imprint - Antike Rahmen","isPartOf":{"@id":"https:\/\/antike-rahmen.de\/#website"},"datePublished":"2017-07-04T13:33:38+00:00","dateModified":"2020-05-25T20:30:55+00:00","breadcrumb":{"@id":"https:\/\/antike-rahmen.de\/en\/imprint\/#breadcrumb"},"inLanguage":"en-US","potentialAction":[{"@type":"ReadAction","target":["https:\/\/antike-rahmen.de\/en\/imprint\/"]}]},{"@type":"BreadcrumbList","@id":"https:\/\/antike-rahmen.de\/en\/imprint\/#breadcrumb","itemListElement":[{"@type":"ListItem","position":1,"name":"Startseite","item":"https:\/\/antike-rahmen.de\/en\/"},{"@type":"ListItem","position":2,"name":"Imprint"}]},{"@type":"WebSite","@id":"https:\/\/antike-rahmen.de\/#website","url":"https:\/\/antike-rahmen.de\/","name":"Antike Rahmen","description":"","publisher":{"@id":"https:\/\/antike-rahmen.de\/#organization"},"potentialAction":[{"@type":"SearchAction","target":{"@type":"EntryPoint","urlTemplate":"https:\/\/antike-rahmen.de\/?s={search_term_string}"},"query-input":{"@type":"PropertyValueSpecification","valueRequired":true,"valueName":"search_term_string"}}],"inLanguage":"en-US"},{"@type":"Organization","@id":"https:\/\/antike-rahmen.de\/#organization","name":"Antike Rahmen","url":"https:\/\/antike-rahmen.de\/","logo":{"@type":"ImageObject","inLanguage":"en-US","@id":"https:\/\/antike-rahmen.de\/#\/schema\/logo\/image\/","url":"https:\/\/antike-rahmen.de\/wp-content\/uploads\/2017\/01\/cropped-antike_rahmen_logo2.png","contentUrl":"https:\/\/antike-rahmen.de\/wp-content\/uploads\/2017\/01\/cropped-antike_rahmen_logo2.png","width":574,"height":250,"caption":"Antike Rahmen"},"image":{"@id":"https:\/\/antike-rahmen.de\/#\/schema\/logo\/image\/"}}]}},"_links":{"self":[{"href":"https:\/\/antike-rahmen.de\/en\/wp-json\/wp\/v2\/pages\/1627","targetHints":{"allow":["GET"]}}],"collection":[{"href":"https:\/\/antike-rahmen.de\/en\/wp-json\/wp\/v2\/pages"}],"about":[{"href":"https:\/\/antike-rahmen.de\/en\/wp-json\/wp\/v2\/types\/page"}],"author":[{"embeddable":true,"href":"https:\/\/antike-rahmen.de\/en\/wp-json\/wp\/v2\/users\/1"}],"replies":[{"embeddable":true,"href":"https:\/\/antike-rahmen.de\/en\/wp-json\/wp\/v2\/comments?post=1627"}],"version-history":[{"count":0,"href":"https:\/\/antike-rahmen.de\/en\/wp-json\/wp\/v2\/pages\/1627\/revisions"}],"wp:attachment":[{"href":"https:\/\/antike-rahmen.de\/en\/wp-json\/wp\/v2\/media?parent=1627"}],"curies":[{"name":"wp","href":"https:\/\/api.w.org\/{rel}","templated":true}]}}