{"id":2458,"date":"2017-05-02T22:50:40","date_gmt":"2017-05-02T20:50:40","guid":{"rendered":"http:\/\/wmpl.antike-rahmen.de\/produkt\/cuvillies-frame\/"},"modified":"2017-05-02T22:50:40","modified_gmt":"2017-05-02T20:50:40","slug":"cuvillies-frame","status":"publish","type":"product","link":"https:\/\/antike-rahmen.de\/en\/produkt\/cuvillies-frame\/","title":{"rendered":"Cuvilli\u00e9s Frame"},"content":{"rendered":"","protected":false},"excerpt":{"rendered":"<p>Reich geschnitzer Cuvilli\u00e9s Rahmen in originaler Fassung, Reste von Vergoldung, aus der Hofwerkstatt des Bildhauers &#8230; Pichler, r\u00fcckseitige Nummerierung 724 oder 721, Abbildung in &#8220;Rahmenkunst in der alten Pinakothek&#8221; der bayrischen Staatsgem\u00e4ldesammlung von 2010<\/p>\n","protected":false},"featured_media":2320,"template":"","meta":{"_acf_changed":false},"product_cat":[456],"product_tag":[],"class_list":{"0":"post-2458","1":"product","2":"type-product","3":"status-publish","4":"has-post-thumbnail","6":"product_cat-rococo","7":"pa_breite-78-en","8":"pa_hoehe-99-en","9":"pa_jahrhundert-18th-century","10":"pa_land-germany","11":"pa_mass-831","12":"pa_mass-948","14":"first","15":"instock","16":"shipping-taxable","17":"product-type-simple"},"acf":[],"yoast_head":"<!-- This site is optimized with the Yoast SEO plugin v23.4 - https:\/\/yoast.com\/wordpress\/plugins\/seo\/ -->\n<title>Cuvilli\u00e9s Frame - Antike Rahmen<\/title>\n<meta name=\"robots\" content=\"index, follow, max-snippet:-1, max-image-preview:large, max-video-preview:-1\" \/>\n<link rel=\"canonical\" href=\"https:\/\/antike-rahmen.de\/en\/produkt\/cuvillies-frame\/\" \/>\n<meta property=\"og:locale\" content=\"en_US\" \/>\n<meta property=\"og:type\" content=\"article\" \/>\n<meta property=\"og:title\" content=\"Cuvilli\u00e9s Frame - Antike Rahmen\" \/>\n<meta property=\"og:description\" content=\"Reich geschnitzer Cuvilli\u00e9s Rahmen in originaler Fassung, Reste von Vergoldung, aus der Hofwerkstatt des Bildhauers ... Pichler, r\u00fcckseitige Nummerierung 724 oder 721, Abbildung in &quot;Rahmenkunst in der alten Pinakothek&quot; der bayrischen Staatsgem\u00e4ldesammlung von 2010\" \/>\n<meta property=\"og:url\" content=\"https:\/\/antike-rahmen.de\/en\/produkt\/cuvillies-frame\/\" \/>\n<meta property=\"og:site_name\" content=\"Antike Rahmen\" \/>\n<meta property=\"og:image\" content=\"https:\/\/antike-rahmen.de\/wp-content\/uploads\/2017\/03\/rokoko_antike-rahmen_9060.png\" \/>\n\t<meta property=\"og:image:width\" content=\"1300\" \/>\n\t<meta property=\"og:image:height\" content=\"1300\" \/>\n\t<meta property=\"og:image:type\" content=\"image\/png\" \/>\n<meta name=\"twitter:card\" content=\"summary_large_image\" \/>\n<script type=\"application\/ld+json\" class=\"yoast-schema-graph\">{\"@context\":\"https:\/\/schema.org\",\"@graph\":[{\"@type\":\"WebPage\",\"@id\":\"https:\/\/antike-rahmen.de\/en\/produkt\/cuvillies-frame\/\",\"url\":\"https:\/\/antike-rahmen.de\/en\/produkt\/cuvillies-frame\/\",\"name\":\"Cuvilli\u00e9s Frame - Antike Rahmen\",\"isPartOf\":{\"@id\":\"https:\/\/antike-rahmen.de\/#website\"},\"primaryImageOfPage\":{\"@id\":\"https:\/\/antike-rahmen.de\/en\/produkt\/cuvillies-frame\/#primaryimage\"},\"image\":{\"@id\":\"https:\/\/antike-rahmen.de\/en\/produkt\/cuvillies-frame\/#primaryimage\"},\"thumbnailUrl\":\"https:\/\/antike-rahmen.de\/wp-content\/uploads\/2017\/03\/rokoko_antike-rahmen_9060.png\",\"datePublished\":\"2017-05-02T20:50:40+00:00\",\"dateModified\":\"2017-05-02T20:50:40+00:00\",\"breadcrumb\":{\"@id\":\"https:\/\/antike-rahmen.de\/en\/produkt\/cuvillies-frame\/#breadcrumb\"},\"inLanguage\":\"en-US\",\"potentialAction\":[{\"@type\":\"ReadAction\",\"target\":[\"https:\/\/antike-rahmen.de\/en\/produkt\/cuvillies-frame\/\"]}]},{\"@type\":\"ImageObject\",\"inLanguage\":\"en-US\",\"@id\":\"https:\/\/antike-rahmen.de\/en\/produkt\/cuvillies-frame\/#primaryimage\",\"url\":\"https:\/\/antike-rahmen.de\/wp-content\/uploads\/2017\/03\/rokoko_antike-rahmen_9060.png\",\"contentUrl\":\"https:\/\/antike-rahmen.de\/wp-content\/uploads\/2017\/03\/rokoko_antike-rahmen_9060.png\",\"width\":1300,\"height\":1300,\"caption\":\"Cuvilli\u00e9s Rahmen\"},{\"@type\":\"BreadcrumbList\",\"@id\":\"https:\/\/antike-rahmen.de\/en\/produkt\/cuvillies-frame\/#breadcrumb\",\"itemListElement\":[{\"@type\":\"ListItem\",\"position\":1,\"name\":\"Startseite\",\"item\":\"https:\/\/antike-rahmen.de\/en\/\"},{\"@type\":\"ListItem\",\"position\":2,\"name\":\"Frame Collections\",\"item\":\"https:\/\/antike-rahmen.de\/en\/framecollections\/\"},{\"@type\":\"ListItem\",\"position\":3,\"name\":\"Cuvilli\u00e9s Frame\"}]},{\"@type\":\"WebSite\",\"@id\":\"https:\/\/antike-rahmen.de\/#website\",\"url\":\"https:\/\/antike-rahmen.de\/\",\"name\":\"Antike Rahmen\",\"description\":\"\",\"publisher\":{\"@id\":\"https:\/\/antike-rahmen.de\/#organization\"},\"potentialAction\":[{\"@type\":\"SearchAction\",\"target\":{\"@type\":\"EntryPoint\",\"urlTemplate\":\"https:\/\/antike-rahmen.de\/?s={search_term_string}\"},\"query-input\":{\"@type\":\"PropertyValueSpecification\",\"valueRequired\":true,\"valueName\":\"search_term_string\"}}],\"inLanguage\":\"en-US\"},{\"@type\":\"Organization\",\"@id\":\"https:\/\/antike-rahmen.de\/#organization\",\"name\":\"Antike Rahmen\",\"url\":\"https:\/\/antike-rahmen.de\/\",\"logo\":{\"@type\":\"ImageObject\",\"inLanguage\":\"en-US\",\"@id\":\"https:\/\/antike-rahmen.de\/#\/schema\/logo\/image\/\",\"url\":\"https:\/\/antike-rahmen.de\/wp-content\/uploads\/2017\/01\/cropped-antike_rahmen_logo2.png\",\"contentUrl\":\"https:\/\/antike-rahmen.de\/wp-content\/uploads\/2017\/01\/cropped-antike_rahmen_logo2.png\",\"width\":574,\"height\":250,\"caption\":\"Antike Rahmen\"},\"image\":{\"@id\":\"https:\/\/antike-rahmen.de\/#\/schema\/logo\/image\/\"}}]}<\/script>\n<!-- \/ Yoast SEO plugin. -->","yoast_head_json":{"title":"Cuvilli\u00e9s Frame - Antike Rahmen","robots":{"index":"index","follow":"follow","max-snippet":"max-snippet:-1","max-image-preview":"max-image-preview:large","max-video-preview":"max-video-preview:-1"},"canonical":"https:\/\/antike-rahmen.de\/en\/produkt\/cuvillies-frame\/","og_locale":"en_US","og_type":"article","og_title":"Cuvilli\u00e9s Frame - Antike Rahmen","og_description":"Reich geschnitzer Cuvilli\u00e9s Rahmen in originaler Fassung, Reste von Vergoldung, aus der Hofwerkstatt des Bildhauers ... Pichler, r\u00fcckseitige Nummerierung 724 oder 721, Abbildung in \"Rahmenkunst in der alten Pinakothek\" der bayrischen Staatsgem\u00e4ldesammlung von 2010","og_url":"https:\/\/antike-rahmen.de\/en\/produkt\/cuvillies-frame\/","og_site_name":"Antike Rahmen","og_image":[{"width":1300,"height":1300,"url":"https:\/\/antike-rahmen.de\/wp-content\/uploads\/2017\/03\/rokoko_antike-rahmen_9060.png","type":"image\/png"}],"twitter_card":"summary_large_image","schema":{"@context":"https:\/\/schema.org","@graph":[{"@type":"WebPage","@id":"https:\/\/antike-rahmen.de\/en\/produkt\/cuvillies-frame\/","url":"https:\/\/antike-rahmen.de\/en\/produkt\/cuvillies-frame\/","name":"Cuvilli\u00e9s Frame - Antike Rahmen","isPartOf":{"@id":"https:\/\/antike-rahmen.de\/#website"},"primaryImageOfPage":{"@id":"https:\/\/antike-rahmen.de\/en\/produkt\/cuvillies-frame\/#primaryimage"},"image":{"@id":"https:\/\/antike-rahmen.de\/en\/produkt\/cuvillies-frame\/#primaryimage"},"thumbnailUrl":"https:\/\/antike-rahmen.de\/wp-content\/uploads\/2017\/03\/rokoko_antike-rahmen_9060.png","datePublished":"2017-05-02T20:50:40+00:00","dateModified":"2017-05-02T20:50:40+00:00","breadcrumb":{"@id":"https:\/\/antike-rahmen.de\/en\/produkt\/cuvillies-frame\/#breadcrumb"},"inLanguage":"en-US","potentialAction":[{"@type":"ReadAction","target":["https:\/\/antike-rahmen.de\/en\/produkt\/cuvillies-frame\/"]}]},{"@type":"ImageObject","inLanguage":"en-US","@id":"https:\/\/antike-rahmen.de\/en\/produkt\/cuvillies-frame\/#primaryimage","url":"https:\/\/antike-rahmen.de\/wp-content\/uploads\/2017\/03\/rokoko_antike-rahmen_9060.png","contentUrl":"https:\/\/antike-rahmen.de\/wp-content\/uploads\/2017\/03\/rokoko_antike-rahmen_9060.png","width":1300,"height":1300,"caption":"Cuvilli\u00e9s Rahmen"},{"@type":"BreadcrumbList","@id":"https:\/\/antike-rahmen.de\/en\/produkt\/cuvillies-frame\/#breadcrumb","itemListElement":[{"@type":"ListItem","position":1,"name":"Startseite","item":"https:\/\/antike-rahmen.de\/en\/"},{"@type":"ListItem","position":2,"name":"Frame Collections","item":"https:\/\/antike-rahmen.de\/en\/framecollections\/"},{"@type":"ListItem","position":3,"name":"Cuvilli\u00e9s Frame"}]},{"@type":"WebSite","@id":"https:\/\/antike-rahmen.de\/#website","url":"https:\/\/antike-rahmen.de\/","name":"Antike Rahmen","description":"","publisher":{"@id":"https:\/\/antike-rahmen.de\/#organization"},"potentialAction":[{"@type":"SearchAction","target":{"@type":"EntryPoint","urlTemplate":"https:\/\/antike-rahmen.de\/?s={search_term_string}"},"query-input":{"@type":"PropertyValueSpecification","valueRequired":true,"valueName":"search_term_string"}}],"inLanguage":"en-US"},{"@type":"Organization","@id":"https:\/\/antike-rahmen.de\/#organization","name":"Antike Rahmen","url":"https:\/\/antike-rahmen.de\/","logo":{"@type":"ImageObject","inLanguage":"en-US","@id":"https:\/\/antike-rahmen.de\/#\/schema\/logo\/image\/","url":"https:\/\/antike-rahmen.de\/wp-content\/uploads\/2017\/01\/cropped-antike_rahmen_logo2.png","contentUrl":"https:\/\/antike-rahmen.de\/wp-content\/uploads\/2017\/01\/cropped-antike_rahmen_logo2.png","width":574,"height":250,"caption":"Antike Rahmen"},"image":{"@id":"https:\/\/antike-rahmen.de\/#\/schema\/logo\/image\/"}}]}},"_links":{"self":[{"href":"https:\/\/antike-rahmen.de\/en\/wp-json\/wp\/v2\/product\/2458","targetHints":{"allow":["GET"]}}],"collection":[{"href":"https:\/\/antike-rahmen.de\/en\/wp-json\/wp\/v2\/product"}],"about":[{"href":"https:\/\/antike-rahmen.de\/en\/wp-json\/wp\/v2\/types\/product"}],"wp:featuredmedia":[{"embeddable":true,"href":"https:\/\/antike-rahmen.de\/en\/wp-json\/wp\/v2\/media\/2320"}],"wp:attachment":[{"href":"https:\/\/antike-rahmen.de\/en\/wp-json\/wp\/v2\/media?parent=2458"}],"wp:term":[{"taxonomy":"product_cat","embeddable":true,"href":"https:\/\/antike-rahmen.de\/en\/wp-json\/wp\/v2\/product_cat?post=2458"},{"taxonomy":"product_tag","embeddable":true,"href":"https:\/\/antike-rahmen.de\/en\/wp-json\/wp\/v2\/product_tag?post=2458"}],"curies":[{"name":"wp","href":"https:\/\/api.w.org\/{rel}","templated":true}]}}