{"id":2585,"date":"2017-04-01T15:36:49","date_gmt":"2017-04-01T13:36:49","guid":{"rendered":"http:\/\/antike-rahmen.de\/produkt\/mirror-frame-4\/"},"modified":"2017-04-01T15:36:49","modified_gmt":"2017-04-01T13:36:49","slug":"mirror-frame-4","status":"publish","type":"product","link":"https:\/\/antike-rahmen.de\/en\/produkt\/mirror-frame-4\/","title":{"rendered":"Mirror Frame"},"content":{"rendered":"","protected":false},"excerpt":{"rendered":"<p>Bronzebeschl\u00e4gener Spiegelrahmen, getriebene Ornamente feuervergoldet, Puttifries aus Silber getrieben je 15cm lang. Der Frie\u00df ist zur\u00fcck zuf\u00fchren auf ein Kupferstichmotiv (le Triumph de L&#8217;amour, gravuer) von Bernardo del Dado, mit Monogramm des Silberschmieds &#8220;CG&#8221;), Profil aus Zirbelholz<\/p>\n","protected":false},"featured_media":2105,"template":"","meta":{"_acf_changed":false},"product_cat":[457,445,451],"product_tag":[],"class_list":{"0":"post-2585","1":"product","2":"type-product","3":"status-publish","4":"has-post-thumbnail","6":"product_cat-mirrors","7":"product_cat-baroque","8":"product_cat-exceptionaries","9":"pa_breite-70-en","10":"pa_hoehe-80-en","11":"pa_jahrhundert-17th-century","12":"pa_land-antwerpen-en","13":"pa_mass-939","14":"pa_mass-859","16":"first","17":"instock","18":"shipping-taxable","19":"product-type-simple"},"acf":[],"yoast_head":"<!-- This site is optimized with the Yoast SEO plugin v23.4 - https:\/\/yoast.com\/wordpress\/plugins\/seo\/ -->\n<title>Mirror Frame - Antike Rahmen<\/title>\n<meta name=\"robots\" content=\"index, follow, max-snippet:-1, max-image-preview:large, max-video-preview:-1\" \/>\n<link rel=\"canonical\" href=\"https:\/\/antike-rahmen.de\/en\/produkt\/mirror-frame-4\/\" \/>\n<meta property=\"og:locale\" content=\"en_US\" \/>\n<meta property=\"og:type\" content=\"article\" \/>\n<meta property=\"og:title\" content=\"Mirror Frame - Antike Rahmen\" \/>\n<meta property=\"og:description\" content=\"Bronzebeschl\u00e4gener Spiegelrahmen, getriebene Ornamente feuervergoldet, Puttifries aus Silber getrieben je 15cm lang. Der Frie\u00df ist zur\u00fcck zuf\u00fchren auf ein Kupferstichmotiv (le Triumph de L&#039;amour, gravuer) von Bernardo del Dado, mit Monogramm des Silberschmieds &quot;CG&quot;), Profil aus Zirbelholz\" \/>\n<meta property=\"og:url\" content=\"https:\/\/antike-rahmen.de\/en\/produkt\/mirror-frame-4\/\" \/>\n<meta property=\"og:site_name\" content=\"Antike Rahmen\" \/>\n<meta property=\"og:image\" content=\"https:\/\/antike-rahmen.de\/wp-content\/uploads\/2017\/03\/spiegel_antike-rahmen_3039-1024x1024.png\" \/>\n\t<meta property=\"og:image:width\" content=\"1024\" \/>\n\t<meta property=\"og:image:height\" content=\"1024\" \/>\n\t<meta property=\"og:image:type\" content=\"image\/png\" \/>\n<meta name=\"twitter:card\" content=\"summary_large_image\" \/>\n<script type=\"application\/ld+json\" class=\"yoast-schema-graph\">{\"@context\":\"https:\/\/schema.org\",\"@graph\":[{\"@type\":\"WebPage\",\"@id\":\"https:\/\/antike-rahmen.de\/en\/produkt\/mirror-frame-4\/\",\"url\":\"https:\/\/antike-rahmen.de\/en\/produkt\/mirror-frame-4\/\",\"name\":\"Mirror Frame - Antike Rahmen\",\"isPartOf\":{\"@id\":\"https:\/\/antike-rahmen.de\/#website\"},\"primaryImageOfPage\":{\"@id\":\"https:\/\/antike-rahmen.de\/en\/produkt\/mirror-frame-4\/#primaryimage\"},\"image\":{\"@id\":\"https:\/\/antike-rahmen.de\/en\/produkt\/mirror-frame-4\/#primaryimage\"},\"thumbnailUrl\":\"https:\/\/antike-rahmen.de\/wp-content\/uploads\/2017\/03\/spiegel_antike-rahmen_3039.png\",\"datePublished\":\"2017-04-01T13:36:49+00:00\",\"dateModified\":\"2017-04-01T13:36:49+00:00\",\"breadcrumb\":{\"@id\":\"https:\/\/antike-rahmen.de\/en\/produkt\/mirror-frame-4\/#breadcrumb\"},\"inLanguage\":\"en-US\",\"potentialAction\":[{\"@type\":\"ReadAction\",\"target\":[\"https:\/\/antike-rahmen.de\/en\/produkt\/mirror-frame-4\/\"]}]},{\"@type\":\"ImageObject\",\"inLanguage\":\"en-US\",\"@id\":\"https:\/\/antike-rahmen.de\/en\/produkt\/mirror-frame-4\/#primaryimage\",\"url\":\"https:\/\/antike-rahmen.de\/wp-content\/uploads\/2017\/03\/spiegel_antike-rahmen_3039.png\",\"contentUrl\":\"https:\/\/antike-rahmen.de\/wp-content\/uploads\/2017\/03\/spiegel_antike-rahmen_3039.png\",\"width\":1300,\"height\":1300,\"caption\":\"Spiegelrahmen\"},{\"@type\":\"BreadcrumbList\",\"@id\":\"https:\/\/antike-rahmen.de\/en\/produkt\/mirror-frame-4\/#breadcrumb\",\"itemListElement\":[{\"@type\":\"ListItem\",\"position\":1,\"name\":\"Startseite\",\"item\":\"https:\/\/antike-rahmen.de\/en\/\"},{\"@type\":\"ListItem\",\"position\":2,\"name\":\"Frame Collections\",\"item\":\"https:\/\/antike-rahmen.de\/en\/framecollections\/\"},{\"@type\":\"ListItem\",\"position\":3,\"name\":\"Mirror Frame\"}]},{\"@type\":\"WebSite\",\"@id\":\"https:\/\/antike-rahmen.de\/#website\",\"url\":\"https:\/\/antike-rahmen.de\/\",\"name\":\"Antike Rahmen\",\"description\":\"\",\"publisher\":{\"@id\":\"https:\/\/antike-rahmen.de\/#organization\"},\"potentialAction\":[{\"@type\":\"SearchAction\",\"target\":{\"@type\":\"EntryPoint\",\"urlTemplate\":\"https:\/\/antike-rahmen.de\/?s={search_term_string}\"},\"query-input\":{\"@type\":\"PropertyValueSpecification\",\"valueRequired\":true,\"valueName\":\"search_term_string\"}}],\"inLanguage\":\"en-US\"},{\"@type\":\"Organization\",\"@id\":\"https:\/\/antike-rahmen.de\/#organization\",\"name\":\"Antike Rahmen\",\"url\":\"https:\/\/antike-rahmen.de\/\",\"logo\":{\"@type\":\"ImageObject\",\"inLanguage\":\"en-US\",\"@id\":\"https:\/\/antike-rahmen.de\/#\/schema\/logo\/image\/\",\"url\":\"https:\/\/antike-rahmen.de\/wp-content\/uploads\/2017\/01\/cropped-antike_rahmen_logo2.png\",\"contentUrl\":\"https:\/\/antike-rahmen.de\/wp-content\/uploads\/2017\/01\/cropped-antike_rahmen_logo2.png\",\"width\":574,\"height\":250,\"caption\":\"Antike Rahmen\"},\"image\":{\"@id\":\"https:\/\/antike-rahmen.de\/#\/schema\/logo\/image\/\"}}]}<\/script>\n<!-- \/ Yoast SEO plugin. -->","yoast_head_json":{"title":"Mirror Frame - Antike Rahmen","robots":{"index":"index","follow":"follow","max-snippet":"max-snippet:-1","max-image-preview":"max-image-preview:large","max-video-preview":"max-video-preview:-1"},"canonical":"https:\/\/antike-rahmen.de\/en\/produkt\/mirror-frame-4\/","og_locale":"en_US","og_type":"article","og_title":"Mirror Frame - Antike Rahmen","og_description":"Bronzebeschl\u00e4gener Spiegelrahmen, getriebene Ornamente feuervergoldet, Puttifries aus Silber getrieben je 15cm lang. Der Frie\u00df ist zur\u00fcck zuf\u00fchren auf ein Kupferstichmotiv (le Triumph de L'amour, gravuer) von Bernardo del Dado, mit Monogramm des Silberschmieds \"CG\"), Profil aus Zirbelholz","og_url":"https:\/\/antike-rahmen.de\/en\/produkt\/mirror-frame-4\/","og_site_name":"Antike Rahmen","og_image":[{"width":1024,"height":1024,"url":"https:\/\/antike-rahmen.de\/wp-content\/uploads\/2017\/03\/spiegel_antike-rahmen_3039-1024x1024.png","type":"image\/png"}],"twitter_card":"summary_large_image","schema":{"@context":"https:\/\/schema.org","@graph":[{"@type":"WebPage","@id":"https:\/\/antike-rahmen.de\/en\/produkt\/mirror-frame-4\/","url":"https:\/\/antike-rahmen.de\/en\/produkt\/mirror-frame-4\/","name":"Mirror Frame - Antike Rahmen","isPartOf":{"@id":"https:\/\/antike-rahmen.de\/#website"},"primaryImageOfPage":{"@id":"https:\/\/antike-rahmen.de\/en\/produkt\/mirror-frame-4\/#primaryimage"},"image":{"@id":"https:\/\/antike-rahmen.de\/en\/produkt\/mirror-frame-4\/#primaryimage"},"thumbnailUrl":"https:\/\/antike-rahmen.de\/wp-content\/uploads\/2017\/03\/spiegel_antike-rahmen_3039.png","datePublished":"2017-04-01T13:36:49+00:00","dateModified":"2017-04-01T13:36:49+00:00","breadcrumb":{"@id":"https:\/\/antike-rahmen.de\/en\/produkt\/mirror-frame-4\/#breadcrumb"},"inLanguage":"en-US","potentialAction":[{"@type":"ReadAction","target":["https:\/\/antike-rahmen.de\/en\/produkt\/mirror-frame-4\/"]}]},{"@type":"ImageObject","inLanguage":"en-US","@id":"https:\/\/antike-rahmen.de\/en\/produkt\/mirror-frame-4\/#primaryimage","url":"https:\/\/antike-rahmen.de\/wp-content\/uploads\/2017\/03\/spiegel_antike-rahmen_3039.png","contentUrl":"https:\/\/antike-rahmen.de\/wp-content\/uploads\/2017\/03\/spiegel_antike-rahmen_3039.png","width":1300,"height":1300,"caption":"Spiegelrahmen"},{"@type":"BreadcrumbList","@id":"https:\/\/antike-rahmen.de\/en\/produkt\/mirror-frame-4\/#breadcrumb","itemListElement":[{"@type":"ListItem","position":1,"name":"Startseite","item":"https:\/\/antike-rahmen.de\/en\/"},{"@type":"ListItem","position":2,"name":"Frame Collections","item":"https:\/\/antike-rahmen.de\/en\/framecollections\/"},{"@type":"ListItem","position":3,"name":"Mirror Frame"}]},{"@type":"WebSite","@id":"https:\/\/antike-rahmen.de\/#website","url":"https:\/\/antike-rahmen.de\/","name":"Antike Rahmen","description":"","publisher":{"@id":"https:\/\/antike-rahmen.de\/#organization"},"potentialAction":[{"@type":"SearchAction","target":{"@type":"EntryPoint","urlTemplate":"https:\/\/antike-rahmen.de\/?s={search_term_string}"},"query-input":{"@type":"PropertyValueSpecification","valueRequired":true,"valueName":"search_term_string"}}],"inLanguage":"en-US"},{"@type":"Organization","@id":"https:\/\/antike-rahmen.de\/#organization","name":"Antike Rahmen","url":"https:\/\/antike-rahmen.de\/","logo":{"@type":"ImageObject","inLanguage":"en-US","@id":"https:\/\/antike-rahmen.de\/#\/schema\/logo\/image\/","url":"https:\/\/antike-rahmen.de\/wp-content\/uploads\/2017\/01\/cropped-antike_rahmen_logo2.png","contentUrl":"https:\/\/antike-rahmen.de\/wp-content\/uploads\/2017\/01\/cropped-antike_rahmen_logo2.png","width":574,"height":250,"caption":"Antike Rahmen"},"image":{"@id":"https:\/\/antike-rahmen.de\/#\/schema\/logo\/image\/"}}]}},"_links":{"self":[{"href":"https:\/\/antike-rahmen.de\/en\/wp-json\/wp\/v2\/product\/2585","targetHints":{"allow":["GET"]}}],"collection":[{"href":"https:\/\/antike-rahmen.de\/en\/wp-json\/wp\/v2\/product"}],"about":[{"href":"https:\/\/antike-rahmen.de\/en\/wp-json\/wp\/v2\/types\/product"}],"wp:featuredmedia":[{"embeddable":true,"href":"https:\/\/antike-rahmen.de\/en\/wp-json\/wp\/v2\/media\/2105"}],"wp:attachment":[{"href":"https:\/\/antike-rahmen.de\/en\/wp-json\/wp\/v2\/media?parent=2585"}],"wp:term":[{"taxonomy":"product_cat","embeddable":true,"href":"https:\/\/antike-rahmen.de\/en\/wp-json\/wp\/v2\/product_cat?post=2585"},{"taxonomy":"product_tag","embeddable":true,"href":"https:\/\/antike-rahmen.de\/en\/wp-json\/wp\/v2\/product_tag?post=2585"}],"curies":[{"name":"wp","href":"https:\/\/api.w.org\/{rel}","templated":true}]}}